{"id":210,"date":"2022-07-16T12:33:42","date_gmt":"2022-07-16T12:33:42","guid":{"rendered":"https:\/\/ona.deothemes.com\/coffee-shop\/?page_id=210"},"modified":"2024-02-25T20:31:18","modified_gmt":"2024-02-25T19:31:18","slug":"kbr-conseil","status":"publish","type":"page","link":"https:\/\/kbrconseil.com\/","title":{"rendered":"Accueil"},"content":{"rendered":"","protected":false},"excerpt":{"rendered":"","protected":false},"author":1,"featured_media":0,"parent":0,"menu_order":0,"comment_status":"closed","ping_status":"closed","template":"","meta":{"_themeisle_gutenberg_block_has_review":false,"_ti_tpc_template_sync":false,"_ti_tpc_template_id":"","footnotes":""},"class_list":["post-210","page","type-page","status-publish","hentry"],"yoast_head":"<!-- This site is optimized with the Yoast SEO plugin v21.2 - https:\/\/yoast.com\/wordpress\/plugins\/seo\/ -->\n<title>Conseil en Banque et Finance | KBR CONSEIL<\/title>\n<meta name=\"description\" content=\"Des profils calibr\u00e9s autour de l&#039;ing\u00e9nierie, l&#039;analyse de donn\u00e9es et le num\u00e9rique pour les acteurs de la Banque et de la finance de march\u00e9.\" \/>\n<meta name=\"robots\" content=\"index, follow, max-snippet:-1, max-image-preview:large, max-video-preview:-1\" \/>\n<link rel=\"canonical\" href=\"https:\/\/kbrconseil.com\/\" \/>\n<meta property=\"og:locale\" content=\"fr_FR\" \/>\n<meta property=\"og:type\" content=\"article\" \/>\n<meta property=\"og:title\" content=\"Conseil en Banque et Finance | KBR CONSEIL\" \/>\n<meta property=\"og:description\" content=\"Des profils calibr\u00e9s autour de l&#039;ing\u00e9nierie, l&#039;analyse de donn\u00e9es et le num\u00e9rique pour les acteurs de la Banque et de la finance de march\u00e9.\" \/>\n<meta property=\"og:url\" content=\"https:\/\/kbrconseil.com\/\" \/>\n<meta property=\"og:site_name\" content=\"KBR CONSEIL\" \/>\n<meta property=\"article:modified_time\" content=\"2024-02-25T19:31:18+00:00\" \/>\n<meta name=\"twitter:card\" content=\"summary_large_image\" \/>\n<script type=\"application\/ld+json\" class=\"yoast-schema-graph\">{\"@context\":\"https:\/\/schema.org\",\"@graph\":[{\"@type\":\"WebPage\",\"@id\":\"https:\/\/kbrconseil.com\/\",\"url\":\"https:\/\/kbrconseil.com\/\",\"name\":\"Conseil en Banque et Finance | KBR CONSEIL\",\"isPartOf\":{\"@id\":\"https:\/\/kbrconseil.com\/#website\"},\"datePublished\":\"2022-07-16T12:33:42+00:00\",\"dateModified\":\"2024-02-25T19:31:18+00:00\",\"description\":\"Des profils calibr\u00e9s autour de l'ing\u00e9nierie, l'analyse de donn\u00e9es et le num\u00e9rique pour les acteurs de la Banque et de la finance de march\u00e9.\",\"breadcrumb\":{\"@id\":\"https:\/\/kbrconseil.com\/#breadcrumb\"},\"inLanguage\":\"fr-FR\",\"potentialAction\":[{\"@type\":\"ReadAction\",\"target\":[\"https:\/\/kbrconseil.com\/\"]}]},{\"@type\":\"BreadcrumbList\",\"@id\":\"https:\/\/kbrconseil.com\/#breadcrumb\",\"itemListElement\":[{\"@type\":\"ListItem\",\"position\":1,\"name\":\"Accueil\",\"item\":\"https:\/\/kbrconseil.com\/\"},{\"@type\":\"ListItem\",\"position\":2,\"name\":\"Accueil\"}]},{\"@type\":\"WebSite\",\"@id\":\"https:\/\/kbrconseil.com\/#website\",\"url\":\"https:\/\/kbrconseil.com\/\",\"name\":\"KBR CONSEIL\",\"description\":\"Le Conseil Autrement\",\"publisher\":{\"@id\":\"https:\/\/kbrconseil.com\/#organization\"},\"potentialAction\":[{\"@type\":\"SearchAction\",\"target\":{\"@type\":\"EntryPoint\",\"urlTemplate\":\"https:\/\/kbrconseil.com\/?s={search_term_string}\"},\"query-input\":\"required name=search_term_string\"}],\"inLanguage\":\"fr-FR\"},{\"@type\":\"Organization\",\"@id\":\"https:\/\/kbrconseil.com\/#organization\",\"name\":\"KBR CONSEIL\",\"url\":\"https:\/\/kbrconseil.com\/\",\"logo\":{\"@type\":\"ImageObject\",\"inLanguage\":\"fr-FR\",\"@id\":\"https:\/\/kbrconseil.com\/#\/schema\/logo\/image\/\",\"url\":\"https:\/\/kbrconseil.com\/wp-content\/uploads\/2023\/10\/Fichier-2@2x.png\",\"contentUrl\":\"https:\/\/kbrconseil.com\/wp-content\/uploads\/2023\/10\/Fichier-2@2x.png\",\"width\":518,\"height\":530,\"caption\":\"KBR CONSEIL\"},\"image\":{\"@id\":\"https:\/\/kbrconseil.com\/#\/schema\/logo\/image\/\"}}]}<\/script>\n<!-- \/ Yoast SEO plugin. -->","yoast_head_json":{"title":"Conseil en Banque et Finance | KBR CONSEIL","description":"Des profils calibr\u00e9s autour de l'ing\u00e9nierie, l'analyse de donn\u00e9es et le num\u00e9rique pour les acteurs de la Banque et de la finance de march\u00e9.","robots":{"index":"index","follow":"follow","max-snippet":"max-snippet:-1","max-image-preview":"max-image-preview:large","max-video-preview":"max-video-preview:-1"},"canonical":"https:\/\/kbrconseil.com\/","og_locale":"fr_FR","og_type":"article","og_title":"Conseil en Banque et Finance | KBR CONSEIL","og_description":"Des profils calibr\u00e9s autour de l'ing\u00e9nierie, l'analyse de donn\u00e9es et le num\u00e9rique pour les acteurs de la Banque et de la finance de march\u00e9.","og_url":"https:\/\/kbrconseil.com\/","og_site_name":"KBR CONSEIL","article_modified_time":"2024-02-25T19:31:18+00:00","twitter_card":"summary_large_image","schema":{"@context":"https:\/\/schema.org","@graph":[{"@type":"WebPage","@id":"https:\/\/kbrconseil.com\/","url":"https:\/\/kbrconseil.com\/","name":"Conseil en Banque et Finance | KBR CONSEIL","isPartOf":{"@id":"https:\/\/kbrconseil.com\/#website"},"datePublished":"2022-07-16T12:33:42+00:00","dateModified":"2024-02-25T19:31:18+00:00","description":"Des profils calibr\u00e9s autour de l'ing\u00e9nierie, l'analyse de donn\u00e9es et le num\u00e9rique pour les acteurs de la Banque et de la finance de march\u00e9.","breadcrumb":{"@id":"https:\/\/kbrconseil.com\/#breadcrumb"},"inLanguage":"fr-FR","potentialAction":[{"@type":"ReadAction","target":["https:\/\/kbrconseil.com\/"]}]},{"@type":"BreadcrumbList","@id":"https:\/\/kbrconseil.com\/#breadcrumb","itemListElement":[{"@type":"ListItem","position":1,"name":"Accueil","item":"https:\/\/kbrconseil.com\/"},{"@type":"ListItem","position":2,"name":"Accueil"}]},{"@type":"WebSite","@id":"https:\/\/kbrconseil.com\/#website","url":"https:\/\/kbrconseil.com\/","name":"KBR CONSEIL","description":"Le Conseil Autrement","publisher":{"@id":"https:\/\/kbrconseil.com\/#organization"},"potentialAction":[{"@type":"SearchAction","target":{"@type":"EntryPoint","urlTemplate":"https:\/\/kbrconseil.com\/?s={search_term_string}"},"query-input":"required name=search_term_string"}],"inLanguage":"fr-FR"},{"@type":"Organization","@id":"https:\/\/kbrconseil.com\/#organization","name":"KBR CONSEIL","url":"https:\/\/kbrconseil.com\/","logo":{"@type":"ImageObject","inLanguage":"fr-FR","@id":"https:\/\/kbrconseil.com\/#\/schema\/logo\/image\/","url":"https:\/\/kbrconseil.com\/wp-content\/uploads\/2023\/10\/Fichier-2@2x.png","contentUrl":"https:\/\/kbrconseil.com\/wp-content\/uploads\/2023\/10\/Fichier-2@2x.png","width":518,"height":530,"caption":"KBR CONSEIL"},"image":{"@id":"https:\/\/kbrconseil.com\/#\/schema\/logo\/image\/"}}]}},"_links":{"self":[{"href":"https:\/\/kbrconseil.com\/index.php\/wp-json\/wp\/v2\/pages\/210","targetHints":{"allow":["GET"]}}],"collection":[{"href":"https:\/\/kbrconseil.com\/index.php\/wp-json\/wp\/v2\/pages"}],"about":[{"href":"https:\/\/kbrconseil.com\/index.php\/wp-json\/wp\/v2\/types\/page"}],"author":[{"embeddable":true,"href":"https:\/\/kbrconseil.com\/index.php\/wp-json\/wp\/v2\/users\/1"}],"replies":[{"embeddable":true,"href":"https:\/\/kbrconseil.com\/index.php\/wp-json\/wp\/v2\/comments?post=210"}],"version-history":[{"count":5,"href":"https:\/\/kbrconseil.com\/index.php\/wp-json\/wp\/v2\/pages\/210\/revisions"}],"predecessor-version":[{"id":919,"href":"https:\/\/kbrconseil.com\/index.php\/wp-json\/wp\/v2\/pages\/210\/revisions\/919"}],"wp:attachment":[{"href":"https:\/\/kbrconseil.com\/index.php\/wp-json\/wp\/v2\/media?parent=210"}],"curies":[{"name":"wp","href":"https:\/\/api.w.org\/{rel}","templated":true}]}}