{"id":482,"date":"2023-09-26T22:51:06","date_gmt":"2023-09-26T20:51:06","guid":{"rendered":"https:\/\/kbrconseil.com\/?page_id=482"},"modified":"2024-02-25T20:58:14","modified_gmt":"2024-02-25T19:58:14","slug":"politique-de-confidentialite","status":"publish","type":"page","link":"https:\/\/kbrconseil.com\/index.php\/kbr-conseil\/politique-de-confidentialite\/","title":{"rendered":"Politique de confidentialit\u00e9"},"content":{"rendered":"\n<p><a href=\"https:\/\/kbrconseil.com\/index.php\/ingenierie-et-methodologies\/\">INGENIERIE<\/a> | <a href=\"https:\/\/kbrconseil.com\/index.php\/le-digital\/\">LE DIGITAL<\/a> | <a href=\"https:\/\/kbrconseil.com\/index.php\/contact\/\">CONTACT<\/a><\/p>\n\n\n\n<h1 class=\"wp-block-heading has-text-align-center\"><strong>politique de confidentialit\u00e9<\/strong><\/h1>\n\n\n\n<p><\/p>\n\n\n\n<p>Nous mettons un point d\u2019honneur \u00e0 respecter la vie priv\u00e9e de nos utilisateurs et \u00e0 traiter leurs donn\u00e9es personnelles dans la plus stricte confidentialit\u00e9 et conform\u00e9ment \u00e0 la l\u00e9gislation en vigueur.&nbsp;La pr\u00e9sente politique de confidentialit\u00e9 des donn\u00e9es est destin\u00e9e \u00e0 vous informer en toute transparence au sujet des donn\u00e9es que nous collectons, du but, de la mani\u00e8re dont nous les utilisons et de l\u2019usage que nous en faisons&nbsp;ainsi que des droits dont vous disposez concernant le traitement de ces donn\u00e9es.<\/p>\n\n\n\n<h3 class=\"wp-block-heading\">Responsable du traitement de vos donn\u00e9es<\/h3>\n\n\n\n<p>KBR CONSEIL est le responsable du traitement de vos donn\u00e9es personnelles.<\/p>\n\n\n\n<p>Nos coordonn\u00e9es :&nbsp;<\/p>\n\n\n\n<p>KBR CONSEIL<br>1 Rue R\u00e9jane Ruel 77500 Chelles<br>T\u00e9l. : (33) 07 82 60 41 92<\/p>\n\n\n\n<h2 class=\"wp-block-heading\">Les donn\u00e9es que nous collectons<\/h2>\n\n\n\n<p>Il s\u2019agit des donn\u00e9es suivantes :<\/p>\n\n\n\n<ul class=\"wp-block-list\">\n<li>les donn\u00e9es saisies dans le formulaire de contact ;<\/li>\n\n\n\n<li>nos communications (par email ou autre) ;<\/li>\n\n\n\n<li>l\u2019adresse IP qui vous est attribu\u00e9e ;<\/li>\n\n\n\n<li>la date et l\u2019heure de votre acc\u00e8s \u00e0 notre site ;<\/li>\n\n\n\n<li>les donn\u00e9es de localisation ou autre donn\u00e9es relatives \u00e0 la communication ;<\/li>\n\n\n\n<li>les pages que vous avez consult\u00e9es sur notre site ;<\/li>\n\n\n\n<li>le type de navigateur, la plate-forme et\/ou le syst\u00e8me d\u2019exploitation que vous utilisez ;<\/li>\n\n\n\n<li>le moteur de recherche ainsi que les mots-cl\u00e9s utilis\u00e9s pour retrouver le site ;<\/li>\n\n\n\n<li>vos pr\u00e9f\u00e9rences de navigation.<\/li>\n<\/ul>\n\n\n\n<h2 class=\"wp-block-heading\">Pourquoi et comment nous collectons vos donn\u00e9es ?<\/h2>\n\n\n\n<p>Nous collectons vos donn\u00e9es dans le cadre de la qualification de votre demande de devis ou d\u2019informations. D\u2019autres donn\u00e9es, telles que la date et l\u2019heure de votre acc\u00e8s \u00e0 notre Site, les pages que vous avez consult\u00e9es ou vos donn\u00e9es de localisation, sont collect\u00e9es automatiquement, par le biais des serveurs consult\u00e9s et des \u00ab cookies \u00bb plac\u00e9s sur notre site. Pour de plus amples informations sur ce qu\u2019est un \u00ab cookie \u00bb, sur son utilit\u00e9 et les donn\u00e9es exactes qu\u2019il collecte, rendez-vous sur notre page concernant&nbsp;<a href=\"https:\/\/www.valuetis.com\/fr\/annexes\/informations-cookies\">notre politique relative aux cookies<\/a>.<\/p>\n\n\n\n<h2 class=\"wp-block-heading\">Protection de vos donn\u00e9es<\/h2>\n\n\n\n<p>Nous mettons un point d\u2019honneur \u00e0 respecter la vie priv\u00e9e de nos utilisateurs. Nous appliquons une politique de confidentialit\u00e9 stricte et prenons toutes les mesures ad\u00e9quates afin que nos serveurs emp\u00eachent dans toute la mesure du possible toute fuite, destruction, perte, divulgation, usage, acc\u00e8s ou modification non autoris\u00e9e de vos donn\u00e9es. Notre site est h\u00e9berg\u00e9 en France par la soci\u00e9t\u00e9 ENIX SAS.<\/p>\n\n\n\n<h2 class=\"wp-block-heading\">Dur\u00e9e de conservation de vos donn\u00e9es<\/h2>\n\n\n\n<p>Les donn\u00e9es personnelles saisies lors de la demande de devis sont conserv\u00e9es et accessibles par les services op\u00e9rationnels uniquement le temps n\u00e9cessaire \u00e0 l\u2019\u00e9laboration du devis et au suivi commercial&nbsp;de ce dernier. Les donn\u00e9es d\u2019un prospect qui ne r\u00e9pond \u00e0 aucune sollicication pendant 3 ans sont supprim\u00e9es.<\/p>\n\n\n\n<h2 class=\"wp-block-heading\">Vos droits et comment les exercer<\/h2>\n\n\n\n<p>Conform\u00e9ment aux articles 16 \u00e0 19 du \u201cR\u00e8glement G\u00e9n\u00e9ral sur la Protection des Donn\u00e9es\u201d (RGPD) mis en vigueur le 25 mai 2018, vous b\u00e9n\u00e9ficiez d\u2019un droit de rectification et d\u2019effacement de l\u2019ensemble des informations personnelles qui vous concernent. L\u2019article 20 du RGPD commun\u00e9ment appel\u00e9 \u201cdroit \u00e0 la portabilit\u00e9\u201d, vous conf\u00e8re le droit de r\u00e9cup\u00e9rer vos informations personnelles si vous souhaitez les transf\u00e9rer \u00e0 un autre organisme.&nbsp;Pour exercer ces droits, vous pouvez \u00e0 tout moment envoyer un e-mail \u00e0 l\u2019adresse suivante :&nbsp;<a href=\"mailto:valuetis.fr\">contact@valuetis.fr<\/a>.<\/p>\n\n\n\n<h2 class=\"wp-block-heading\">Qui acc\u00e8de \u00e0 vos donn\u00e9es et \u00e0 qui sont-elles communiqu\u00e9es ?<\/h2>\n\n\n\n<p>Nos employ\u00e9s et sous-traitants acc\u00e8dent uniquement aux donn\u00e9es n\u00e9cessaires \u00e0 l\u2019ex\u00e9cution de votre demande. Chacun d\u2019entre eux est soumis \u00e0 une obligation stricte de confidentialit\u00e9.<\/p>\n\n\n\n<h2 class=\"wp-block-heading\">Transfert de vos donn\u00e9es \u00e0 l\u2019\u00e9tranger<\/h2>\n\n\n\n<p>Nous transf\u00e9rons vos donn\u00e9es vers un pays non membre de l\u2019Union europ\u00e9enne qu\u2019\u00e0 la condition que ce pays assure un niveau de protection \u00e9quivalent \u00e0 ce que vous pouvez trouver en France. Dans le cadre de la mesure d\u2019audience de notre site Internet, nous utilisons Google Analytics.<\/p>\n","protected":false},"excerpt":{"rendered":"<p>INGENIERIE | LE DIGITAL | CONTACT politique de confidentialit\u00e9 Nous mettons un point d\u2019honneur \u00e0 respecter la vie priv\u00e9e de nos utilisateurs et \u00e0 traiter leurs donn\u00e9es personnelles dans la plus stricte confidentialit\u00e9 et conform\u00e9ment \u00e0 la l\u00e9gislation en vigueur.&nbsp;La pr\u00e9sente politique de confidentialit\u00e9 des donn\u00e9es est destin\u00e9e \u00e0 vous informer en toute transparence au [&hellip;]<\/p>\n","protected":false},"author":1,"featured_media":0,"parent":210,"menu_order":0,"comment_status":"closed","ping_status":"closed","template":"wp-custom-template-template-page-niveau-2","meta":{"_themeisle_gutenberg_block_has_review":false,"_ti_tpc_template_sync":false,"_ti_tpc_template_id":"","footnotes":""},"class_list":["post-482","page","type-page","status-publish","hentry"],"yoast_head":"<!-- This site is optimized with the Yoast SEO plugin v21.2 - https:\/\/yoast.com\/wordpress\/plugins\/seo\/ -->\n<title>Politique de confidentialit\u00e9 - KBR CONSEIL<\/title>\n<meta name=\"robots\" content=\"index, follow, max-snippet:-1, max-image-preview:large, max-video-preview:-1\" \/>\n<link rel=\"canonical\" href=\"https:\/\/kbrconseil.com\/index.php\/kbr-conseil\/politique-de-confidentialite\/\" \/>\n<meta property=\"og:locale\" content=\"fr_FR\" \/>\n<meta property=\"og:type\" content=\"article\" \/>\n<meta property=\"og:title\" content=\"Politique de confidentialit\u00e9 - KBR CONSEIL\" \/>\n<meta property=\"og:description\" content=\"INGENIERIE | LE DIGITAL | CONTACT politique de confidentialit\u00e9 Nous mettons un point d\u2019honneur \u00e0 respecter la vie priv\u00e9e de nos utilisateurs et \u00e0 traiter leurs donn\u00e9es personnelles dans la plus stricte confidentialit\u00e9 et conform\u00e9ment \u00e0 la l\u00e9gislation en vigueur.&nbsp;La pr\u00e9sente politique de confidentialit\u00e9 des donn\u00e9es est destin\u00e9e \u00e0 vous informer en toute transparence au [&hellip;]\" \/>\n<meta property=\"og:url\" content=\"https:\/\/kbrconseil.com\/index.php\/kbr-conseil\/politique-de-confidentialite\/\" \/>\n<meta property=\"og:site_name\" content=\"KBR CONSEIL\" \/>\n<meta property=\"article:modified_time\" content=\"2024-02-25T19:58:14+00:00\" \/>\n<meta name=\"twitter:card\" content=\"summary_large_image\" \/>\n<meta name=\"twitter:label1\" content=\"Dur\u00e9e de lecture estim\u00e9e\" \/>\n\t<meta name=\"twitter:data1\" content=\"4 minutes\" \/>\n<script type=\"application\/ld+json\" class=\"yoast-schema-graph\">{\"@context\":\"https:\/\/schema.org\",\"@graph\":[{\"@type\":\"WebPage\",\"@id\":\"https:\/\/kbrconseil.com\/index.php\/kbr-conseil\/politique-de-confidentialite\/\",\"url\":\"https:\/\/kbrconseil.com\/index.php\/kbr-conseil\/politique-de-confidentialite\/\",\"name\":\"Politique de confidentialit\u00e9 - KBR CONSEIL\",\"isPartOf\":{\"@id\":\"https:\/\/kbrconseil.com\/#website\"},\"datePublished\":\"2023-09-26T20:51:06+00:00\",\"dateModified\":\"2024-02-25T19:58:14+00:00\",\"breadcrumb\":{\"@id\":\"https:\/\/kbrconseil.com\/index.php\/kbr-conseil\/politique-de-confidentialite\/#breadcrumb\"},\"inLanguage\":\"fr-FR\",\"potentialAction\":[{\"@type\":\"ReadAction\",\"target\":[\"https:\/\/kbrconseil.com\/index.php\/kbr-conseil\/politique-de-confidentialite\/\"]}]},{\"@type\":\"BreadcrumbList\",\"@id\":\"https:\/\/kbrconseil.com\/index.php\/kbr-conseil\/politique-de-confidentialite\/#breadcrumb\",\"itemListElement\":[{\"@type\":\"ListItem\",\"position\":1,\"name\":\"Accueil\",\"item\":\"https:\/\/kbrconseil.com\/\"},{\"@type\":\"ListItem\",\"position\":2,\"name\":\"Accueil\",\"item\":\"https:\/\/kbrconseil.com\/\"},{\"@type\":\"ListItem\",\"position\":3,\"name\":\"Politique de confidentialit\u00e9\"}]},{\"@type\":\"WebSite\",\"@id\":\"https:\/\/kbrconseil.com\/#website\",\"url\":\"https:\/\/kbrconseil.com\/\",\"name\":\"KBR CONSEIL\",\"description\":\"Le Conseil Autrement\",\"publisher\":{\"@id\":\"https:\/\/kbrconseil.com\/#organization\"},\"potentialAction\":[{\"@type\":\"SearchAction\",\"target\":{\"@type\":\"EntryPoint\",\"urlTemplate\":\"https:\/\/kbrconseil.com\/?s={search_term_string}\"},\"query-input\":\"required name=search_term_string\"}],\"inLanguage\":\"fr-FR\"},{\"@type\":\"Organization\",\"@id\":\"https:\/\/kbrconseil.com\/#organization\",\"name\":\"KBR CONSEIL\",\"url\":\"https:\/\/kbrconseil.com\/\",\"logo\":{\"@type\":\"ImageObject\",\"inLanguage\":\"fr-FR\",\"@id\":\"https:\/\/kbrconseil.com\/#\/schema\/logo\/image\/\",\"url\":\"https:\/\/kbrconseil.com\/wp-content\/uploads\/2023\/10\/Fichier-2@2x.png\",\"contentUrl\":\"https:\/\/kbrconseil.com\/wp-content\/uploads\/2023\/10\/Fichier-2@2x.png\",\"width\":518,\"height\":530,\"caption\":\"KBR CONSEIL\"},\"image\":{\"@id\":\"https:\/\/kbrconseil.com\/#\/schema\/logo\/image\/\"}}]}<\/script>\n<!-- \/ Yoast SEO plugin. -->","yoast_head_json":{"title":"Politique de confidentialit\u00e9 - KBR CONSEIL","robots":{"index":"index","follow":"follow","max-snippet":"max-snippet:-1","max-image-preview":"max-image-preview:large","max-video-preview":"max-video-preview:-1"},"canonical":"https:\/\/kbrconseil.com\/index.php\/kbr-conseil\/politique-de-confidentialite\/","og_locale":"fr_FR","og_type":"article","og_title":"Politique de confidentialit\u00e9 - KBR CONSEIL","og_description":"INGENIERIE | LE DIGITAL | CONTACT politique de confidentialit\u00e9 Nous mettons un point d\u2019honneur \u00e0 respecter la vie priv\u00e9e de nos utilisateurs et \u00e0 traiter leurs donn\u00e9es personnelles dans la plus stricte confidentialit\u00e9 et conform\u00e9ment \u00e0 la l\u00e9gislation en vigueur.&nbsp;La pr\u00e9sente politique de confidentialit\u00e9 des donn\u00e9es est destin\u00e9e \u00e0 vous informer en toute transparence au [&hellip;]","og_url":"https:\/\/kbrconseil.com\/index.php\/kbr-conseil\/politique-de-confidentialite\/","og_site_name":"KBR CONSEIL","article_modified_time":"2024-02-25T19:58:14+00:00","twitter_card":"summary_large_image","twitter_misc":{"Dur\u00e9e de lecture estim\u00e9e":"4 minutes"},"schema":{"@context":"https:\/\/schema.org","@graph":[{"@type":"WebPage","@id":"https:\/\/kbrconseil.com\/index.php\/kbr-conseil\/politique-de-confidentialite\/","url":"https:\/\/kbrconseil.com\/index.php\/kbr-conseil\/politique-de-confidentialite\/","name":"Politique de confidentialit\u00e9 - KBR CONSEIL","isPartOf":{"@id":"https:\/\/kbrconseil.com\/#website"},"datePublished":"2023-09-26T20:51:06+00:00","dateModified":"2024-02-25T19:58:14+00:00","breadcrumb":{"@id":"https:\/\/kbrconseil.com\/index.php\/kbr-conseil\/politique-de-confidentialite\/#breadcrumb"},"inLanguage":"fr-FR","potentialAction":[{"@type":"ReadAction","target":["https:\/\/kbrconseil.com\/index.php\/kbr-conseil\/politique-de-confidentialite\/"]}]},{"@type":"BreadcrumbList","@id":"https:\/\/kbrconseil.com\/index.php\/kbr-conseil\/politique-de-confidentialite\/#breadcrumb","itemListElement":[{"@type":"ListItem","position":1,"name":"Accueil","item":"https:\/\/kbrconseil.com\/"},{"@type":"ListItem","position":2,"name":"Accueil","item":"https:\/\/kbrconseil.com\/"},{"@type":"ListItem","position":3,"name":"Politique de confidentialit\u00e9"}]},{"@type":"WebSite","@id":"https:\/\/kbrconseil.com\/#website","url":"https:\/\/kbrconseil.com\/","name":"KBR CONSEIL","description":"Le Conseil Autrement","publisher":{"@id":"https:\/\/kbrconseil.com\/#organization"},"potentialAction":[{"@type":"SearchAction","target":{"@type":"EntryPoint","urlTemplate":"https:\/\/kbrconseil.com\/?s={search_term_string}"},"query-input":"required name=search_term_string"}],"inLanguage":"fr-FR"},{"@type":"Organization","@id":"https:\/\/kbrconseil.com\/#organization","name":"KBR CONSEIL","url":"https:\/\/kbrconseil.com\/","logo":{"@type":"ImageObject","inLanguage":"fr-FR","@id":"https:\/\/kbrconseil.com\/#\/schema\/logo\/image\/","url":"https:\/\/kbrconseil.com\/wp-content\/uploads\/2023\/10\/Fichier-2@2x.png","contentUrl":"https:\/\/kbrconseil.com\/wp-content\/uploads\/2023\/10\/Fichier-2@2x.png","width":518,"height":530,"caption":"KBR CONSEIL"},"image":{"@id":"https:\/\/kbrconseil.com\/#\/schema\/logo\/image\/"}}]}},"_links":{"self":[{"href":"https:\/\/kbrconseil.com\/index.php\/wp-json\/wp\/v2\/pages\/482","targetHints":{"allow":["GET"]}}],"collection":[{"href":"https:\/\/kbrconseil.com\/index.php\/wp-json\/wp\/v2\/pages"}],"about":[{"href":"https:\/\/kbrconseil.com\/index.php\/wp-json\/wp\/v2\/types\/page"}],"author":[{"embeddable":true,"href":"https:\/\/kbrconseil.com\/index.php\/wp-json\/wp\/v2\/users\/1"}],"replies":[{"embeddable":true,"href":"https:\/\/kbrconseil.com\/index.php\/wp-json\/wp\/v2\/comments?post=482"}],"version-history":[{"count":5,"href":"https:\/\/kbrconseil.com\/index.php\/wp-json\/wp\/v2\/pages\/482\/revisions"}],"predecessor-version":[{"id":938,"href":"https:\/\/kbrconseil.com\/index.php\/wp-json\/wp\/v2\/pages\/482\/revisions\/938"}],"up":[{"embeddable":true,"href":"https:\/\/kbrconseil.com\/index.php\/wp-json\/wp\/v2\/pages\/210"}],"wp:attachment":[{"href":"https:\/\/kbrconseil.com\/index.php\/wp-json\/wp\/v2\/media?parent=482"}],"curies":[{"name":"wp","href":"https:\/\/api.w.org\/{rel}","templated":true}]}}