{"id":870,"date":"2024-02-24T20:52:10","date_gmt":"2024-02-24T19:52:10","guid":{"rendered":"https:\/\/kbrconseil.com\/?page_id=870"},"modified":"2024-02-26T22:54:31","modified_gmt":"2024-02-26T21:54:31","slug":"nos-profils-consultants","status":"publish","type":"page","link":"https:\/\/kbrconseil.com\/index.php\/nos-profils-consultants\/","title":{"rendered":"nos profils consultants"},"content":{"rendered":"\n<p><a href=\"https:\/\/kbrconseil.com\/index.php\/ingenierie-et-methodologies\/\">INGENIERIE<\/a>\u00a0|\u00a0<a href=\"https:\/\/kbrconseil.com\/index.php\/home\/analyse-de-donnees\/\">DATA<\/a>\u00a0|\u00a0<a href=\"https:\/\/kbrconseil.com\/index.php\/le-digital\/\">LE DIGITAL<\/a>\u00a0|\u00a0<a href=\"https:\/\/kbrconseil.com\/index.php\/contact\/\">CONTACT<\/a><\/p>\n\n\n\n<h1 class=\"wp-block-heading has-text-align-center\"><strong>les profils de nos consultants<\/strong><\/h1>\n\n\n\n<p><\/p>\n\n\n\n<div id=\"wp-block-themeisle-blocks-advanced-columns-85293add\" class=\"wp-block-themeisle-blocks-advanced-columns alignfull has-2-columns has-desktop-equal-layout has-tablet-equal-layout has-mobile-collapsedRows-layout has-vertical-center ticss-c00aadba\"><div class=\"wp-block-themeisle-blocks-advanced-columns-overlay\"><\/div><div class=\"innerblocks-wrap\">\n<div id=\"wp-block-themeisle-blocks-advanced-column-d4c109d6\" class=\"wp-block-themeisle-blocks-advanced-column\">\n<figure class=\"wp-block-image size-full\"><img loading=\"lazy\" decoding=\"async\" width=\"570\" height=\"570\" src=\"https:\/\/kbrconseil.com\/wp-content\/uploads\/2024\/02\/BA-570x570-1.jpg\" alt=\"\" class=\"wp-image-955\" srcset=\"https:\/\/kbrconseil.com\/wp-content\/uploads\/2024\/02\/BA-570x570-1.jpg 570w, https:\/\/kbrconseil.com\/wp-content\/uploads\/2024\/02\/BA-570x570-1-300x300.jpg 300w, https:\/\/kbrconseil.com\/wp-content\/uploads\/2024\/02\/BA-570x570-1-150x150.jpg 150w, https:\/\/kbrconseil.com\/wp-content\/uploads\/2024\/02\/BA-570x570-1-100x100.jpg 100w, https:\/\/kbrconseil.com\/wp-content\/uploads\/2024\/02\/BA-570x570-1-50x50.jpg 50w\" sizes=\"auto, (max-width: 570px) 100vw, 570px\" \/><\/figure>\n<\/div>\n\n\n\n<div id=\"wp-block-themeisle-blocks-advanced-column-4c7e1fd3\" class=\"wp-block-themeisle-blocks-advanced-column\">\n<h2 id=\"wp-block-themeisle-blocks-advanced-heading-d0b9a32c\" class=\"wp-block-themeisle-blocks-advanced-heading wp-block-themeisle-blocks-advanced-heading-d0b9a32c\">business analyst<\/h2>\n\n\n\n<p>Ce profil fait le lien entre les d\u00e9partements op\u00e9rationnels et le service informatique. C&rsquo;est un expert fonctionnel dont la responsabilit\u00e9 est de d\u00e9livrer un produit de qualit\u00e9 qui r\u00e9pond aux besoins utilisateurs. Son r\u00f4le consiste principalement \u00e0 analyser les besoins du m\u00e9tier et de proposer des solutions qui facilitent la prison de d\u00e9cision. Son p\u00e9rim\u00e8tre d&rsquo;action est le produit informatique. <\/p>\n<\/div>\n<\/div><\/div>\n\n\n\n<div id=\"wp-block-themeisle-blocks-advanced-columns-4f9f33c9\" class=\"wp-block-themeisle-blocks-advanced-columns alignfull has-2-columns has-desktop-equal-layout has-tablet-equal-layout has-mobile-collapsedRows-layout has-vertical-center ticss-c00aadba\"><div class=\"wp-block-themeisle-blocks-advanced-columns-overlay\"><\/div><div class=\"innerblocks-wrap\">\n<div id=\"wp-block-themeisle-blocks-advanced-column-529d7729\" class=\"wp-block-themeisle-blocks-advanced-column\">\n<figure class=\"wp-block-image size-full\"><img loading=\"lazy\" decoding=\"async\" width=\"570\" height=\"570\" src=\"https:\/\/kbrconseil.com\/wp-content\/uploads\/2024\/02\/PM-570x570-1.jpg\" alt=\"\" class=\"wp-image-967\" srcset=\"https:\/\/kbrconseil.com\/wp-content\/uploads\/2024\/02\/PM-570x570-1.jpg 570w, https:\/\/kbrconseil.com\/wp-content\/uploads\/2024\/02\/PM-570x570-1-300x300.jpg 300w, https:\/\/kbrconseil.com\/wp-content\/uploads\/2024\/02\/PM-570x570-1-150x150.jpg 150w, https:\/\/kbrconseil.com\/wp-content\/uploads\/2024\/02\/PM-570x570-1-100x100.jpg 100w, https:\/\/kbrconseil.com\/wp-content\/uploads\/2024\/02\/PM-570x570-1-50x50.jpg 50w\" sizes=\"auto, (max-width: 570px) 100vw, 570px\" \/><\/figure>\n<\/div>\n\n\n\n<div id=\"wp-block-themeisle-blocks-advanced-column-a3f5eddf\" class=\"wp-block-themeisle-blocks-advanced-column\">\n<h2 id=\"wp-block-themeisle-blocks-advanced-heading-ac02a5b9\" class=\"wp-block-themeisle-blocks-advanced-heading wp-block-themeisle-blocks-advanced-heading-ac02a5b9\">project manager<\/h2>\n\n\n\n<p>Le Project Manager est d\u00e9sign\u00e9 par l&rsquo;organisation pour coordonner, animer et diriger l&rsquo;\u00e9quipe charg\u00e9e d&rsquo;atteindre les objectifs d&rsquo;un projet. Il g\u00e8re le projet, son calendrier et ses ressources. Il comprend les imp\u00e9ratifs fonctionnels du produit et les contraintes techniques de mise en \u0153uvre. Il se distingue par ses comp\u00e9tences relationnelles et de communication. <\/p>\n<\/div>\n<\/div><\/div>\n\n\n\n<div id=\"wp-block-themeisle-blocks-advanced-columns-78b389cd\" class=\"wp-block-themeisle-blocks-advanced-columns alignfull has-2-columns has-desktop-equal-layout has-tablet-equal-layout has-mobile-collapsedRows-layout has-vertical-center ticss-c00aadba\"><div class=\"wp-block-themeisle-blocks-advanced-columns-overlay\"><\/div><div class=\"innerblocks-wrap\">\n<div id=\"wp-block-themeisle-blocks-advanced-column-bba130c7\" class=\"wp-block-themeisle-blocks-advanced-column\">\n<figure class=\"wp-block-image size-full\"><img loading=\"lazy\" decoding=\"async\" width=\"570\" height=\"570\" src=\"https:\/\/kbrconseil.com\/wp-content\/uploads\/2024\/02\/DEV-570x570-1.jpg\" alt=\"\" class=\"wp-image-969\" srcset=\"https:\/\/kbrconseil.com\/wp-content\/uploads\/2024\/02\/DEV-570x570-1.jpg 570w, https:\/\/kbrconseil.com\/wp-content\/uploads\/2024\/02\/DEV-570x570-1-300x300.jpg 300w, https:\/\/kbrconseil.com\/wp-content\/uploads\/2024\/02\/DEV-570x570-1-150x150.jpg 150w, https:\/\/kbrconseil.com\/wp-content\/uploads\/2024\/02\/DEV-570x570-1-100x100.jpg 100w, https:\/\/kbrconseil.com\/wp-content\/uploads\/2024\/02\/DEV-570x570-1-50x50.jpg 50w\" sizes=\"auto, (max-width: 570px) 100vw, 570px\" \/><\/figure>\n<\/div>\n\n\n\n<div id=\"wp-block-themeisle-blocks-advanced-column-f1be2692\" class=\"wp-block-themeisle-blocks-advanced-column\">\n<h2 id=\"wp-block-themeisle-blocks-advanced-heading-3517e865\" class=\"wp-block-themeisle-blocks-advanced-heading wp-block-themeisle-blocks-advanced-heading-3517e865\">d\u00e9veloppeur<\/h2>\n\n\n\n<p>Un acteur de la maitrise d&rsquo;\u0153uvre. C&rsquo;est l&rsquo;artisan de la mise en \u0153uvre technique du projet. Ce profil intervient sur la phase de d\u00e9veloppement du produit et peut occuper plusieurs r\u00f4les : d\u00e9veloppeur s\u00e9nior, expert technique front et\/ou back end, concepteur technique, responsable technique.  <\/p>\n<\/div>\n<\/div><\/div>\n\n\n\n<div id=\"wp-block-themeisle-blocks-advanced-columns-46b935e8\" class=\"wp-block-themeisle-blocks-advanced-columns alignfull has-2-columns has-desktop-equal-layout has-tablet-equal-layout has-mobile-collapsedRows-layout has-vertical-center ticss-c00aadba\"><div class=\"wp-block-themeisle-blocks-advanced-columns-overlay\"><\/div><div class=\"innerblocks-wrap\">\n<div id=\"wp-block-themeisle-blocks-advanced-column-f6e1603e\" class=\"wp-block-themeisle-blocks-advanced-column\">\n<figure class=\"wp-block-image size-full\"><img loading=\"lazy\" decoding=\"async\" width=\"570\" height=\"570\" src=\"https:\/\/kbrconseil.com\/wp-content\/uploads\/2024\/02\/BA-PM-570x570-1.jpg\" alt=\"\" class=\"wp-image-971\" srcset=\"https:\/\/kbrconseil.com\/wp-content\/uploads\/2024\/02\/BA-PM-570x570-1.jpg 570w, https:\/\/kbrconseil.com\/wp-content\/uploads\/2024\/02\/BA-PM-570x570-1-300x300.jpg 300w, https:\/\/kbrconseil.com\/wp-content\/uploads\/2024\/02\/BA-PM-570x570-1-150x150.jpg 150w, https:\/\/kbrconseil.com\/wp-content\/uploads\/2024\/02\/BA-PM-570x570-1-100x100.jpg 100w, https:\/\/kbrconseil.com\/wp-content\/uploads\/2024\/02\/BA-PM-570x570-1-50x50.jpg 50w\" sizes=\"auto, (max-width: 570px) 100vw, 570px\" \/><\/figure>\n<\/div>\n\n\n\n<div id=\"wp-block-themeisle-blocks-advanced-column-400fea16\" class=\"wp-block-themeisle-blocks-advanced-column\">\n<h2 id=\"wp-block-themeisle-blocks-advanced-heading-0a7287f0\" class=\"wp-block-themeisle-blocks-advanced-heading wp-block-themeisle-blocks-advanced-heading-0a7287f0\">business analyst \/ pm<\/h2>\n\n\n\n<p>Un profil mixte qui a l&rsquo;expertise fonctionnelle du Business analyste et les comp\u00e9tences en gestion de projet du Project Manager. Ce profil contribue \u00e0 l&rsquo;\u00e9criture des sp\u00e9cifications fonctionnelles et agit sur la conduite du projet. <\/p>\n<\/div>\n<\/div><\/div>\n\n\n\n<p class=\"has-text-align-left\">Nous mettons tout \u0153uvre pour mettre a disposition de vos projets des professionnels exp\u00e9riment\u00e9s, experts dans leurs domaines et soucieux de la r\u00e9ussite des projets. Vous avez un besoin ? N&rsquo;h\u00e9sitez pas \u00e0 nous en dire quelques mots ICI : <a href=\"https:\/\/kbrconseil.com\/index.php\/contact\/\">CONTACT<\/a><\/p>\n\n\n\n<p><\/p>\n","protected":false},"excerpt":{"rendered":"<p>INGENIERIE\u00a0|\u00a0DATA\u00a0|\u00a0LE DIGITAL\u00a0|\u00a0CONTACT les profils de nos consultants Nous mettons tout \u0153uvre pour mettre a disposition de vos projets des professionnels exp\u00e9riment\u00e9s, experts dans leurs domaines et soucieux de la r\u00e9ussite des projets. Vous avez un besoin ? N&rsquo;h\u00e9sitez pas \u00e0 nous en dire quelques mots ICI : CONTACT<\/p>\n","protected":false},"author":1,"featured_media":0,"parent":0,"menu_order":0,"comment_status":"closed","ping_status":"closed","template":"wp-custom-template-template-page-niveau-2","meta":{"_themeisle_gutenberg_block_has_review":false,"_ti_tpc_template_sync":false,"_ti_tpc_template_id":"","footnotes":""},"class_list":["post-870","page","type-page","status-publish","hentry"],"yoast_head":"<!-- This site is optimized with the Yoast SEO plugin v21.2 - https:\/\/yoast.com\/wordpress\/plugins\/seo\/ -->\n<title>Nos profils consultants | KBR CONSIEL<\/title>\n<meta name=\"description\" content=\"D\u00e9couvrez le profil de nos consultants business analystes, Project manager, d\u00e9veloppeurs et des profils \u00e0 double comp\u00e9tences.\" \/>\n<meta name=\"robots\" content=\"index, follow, max-snippet:-1, max-image-preview:large, max-video-preview:-1\" \/>\n<link rel=\"canonical\" href=\"https:\/\/kbrconseil.com\/index.php\/nos-profils-consultants\/\" \/>\n<meta property=\"og:locale\" content=\"fr_FR\" \/>\n<meta property=\"og:type\" content=\"article\" \/>\n<meta property=\"og:title\" content=\"Nos profils consultants | KBR CONSIEL\" \/>\n<meta property=\"og:description\" content=\"D\u00e9couvrez le profil de nos consultants business analystes, Project manager, d\u00e9veloppeurs et des profils \u00e0 double comp\u00e9tences.\" \/>\n<meta property=\"og:url\" content=\"https:\/\/kbrconseil.com\/index.php\/nos-profils-consultants\/\" \/>\n<meta property=\"og:site_name\" content=\"KBR CONSEIL\" \/>\n<meta property=\"article:modified_time\" content=\"2024-02-26T21:54:31+00:00\" \/>\n<meta property=\"og:image\" content=\"https:\/\/kbrconseil.com\/wp-content\/uploads\/2024\/02\/BA-570x570-1.jpg\" \/>\n<meta name=\"twitter:card\" content=\"summary_large_image\" \/>\n<meta name=\"twitter:label1\" content=\"Dur\u00e9e de lecture estim\u00e9e\" \/>\n\t<meta name=\"twitter:data1\" content=\"3 minutes\" \/>\n<script type=\"application\/ld+json\" class=\"yoast-schema-graph\">{\"@context\":\"https:\/\/schema.org\",\"@graph\":[{\"@type\":\"WebPage\",\"@id\":\"https:\/\/kbrconseil.com\/index.php\/nos-profils-consultants\/\",\"url\":\"https:\/\/kbrconseil.com\/index.php\/nos-profils-consultants\/\",\"name\":\"Nos profils consultants | KBR CONSIEL\",\"isPartOf\":{\"@id\":\"https:\/\/kbrconseil.com\/#website\"},\"datePublished\":\"2024-02-24T19:52:10+00:00\",\"dateModified\":\"2024-02-26T21:54:31+00:00\",\"description\":\"D\u00e9couvrez le profil de nos consultants business analystes, Project manager, d\u00e9veloppeurs et des profils \u00e0 double comp\u00e9tences.\",\"breadcrumb\":{\"@id\":\"https:\/\/kbrconseil.com\/index.php\/nos-profils-consultants\/#breadcrumb\"},\"inLanguage\":\"fr-FR\",\"potentialAction\":[{\"@type\":\"ReadAction\",\"target\":[\"https:\/\/kbrconseil.com\/index.php\/nos-profils-consultants\/\"]}]},{\"@type\":\"BreadcrumbList\",\"@id\":\"https:\/\/kbrconseil.com\/index.php\/nos-profils-consultants\/#breadcrumb\",\"itemListElement\":[{\"@type\":\"ListItem\",\"position\":1,\"name\":\"Accueil\",\"item\":\"https:\/\/kbrconseil.com\/\"},{\"@type\":\"ListItem\",\"position\":2,\"name\":\"nos profils consultants\"}]},{\"@type\":\"WebSite\",\"@id\":\"https:\/\/kbrconseil.com\/#website\",\"url\":\"https:\/\/kbrconseil.com\/\",\"name\":\"KBR CONSEIL\",\"description\":\"Le Conseil Autrement\",\"publisher\":{\"@id\":\"https:\/\/kbrconseil.com\/#organization\"},\"potentialAction\":[{\"@type\":\"SearchAction\",\"target\":{\"@type\":\"EntryPoint\",\"urlTemplate\":\"https:\/\/kbrconseil.com\/?s={search_term_string}\"},\"query-input\":\"required name=search_term_string\"}],\"inLanguage\":\"fr-FR\"},{\"@type\":\"Organization\",\"@id\":\"https:\/\/kbrconseil.com\/#organization\",\"name\":\"KBR CONSEIL\",\"url\":\"https:\/\/kbrconseil.com\/\",\"logo\":{\"@type\":\"ImageObject\",\"inLanguage\":\"fr-FR\",\"@id\":\"https:\/\/kbrconseil.com\/#\/schema\/logo\/image\/\",\"url\":\"https:\/\/kbrconseil.com\/wp-content\/uploads\/2023\/10\/Fichier-2@2x.png\",\"contentUrl\":\"https:\/\/kbrconseil.com\/wp-content\/uploads\/2023\/10\/Fichier-2@2x.png\",\"width\":518,\"height\":530,\"caption\":\"KBR CONSEIL\"},\"image\":{\"@id\":\"https:\/\/kbrconseil.com\/#\/schema\/logo\/image\/\"}}]}<\/script>\n<!-- \/ Yoast SEO plugin. -->","yoast_head_json":{"title":"Nos profils consultants | KBR CONSIEL","description":"D\u00e9couvrez le profil de nos consultants business analystes, Project manager, d\u00e9veloppeurs et des profils \u00e0 double comp\u00e9tences.","robots":{"index":"index","follow":"follow","max-snippet":"max-snippet:-1","max-image-preview":"max-image-preview:large","max-video-preview":"max-video-preview:-1"},"canonical":"https:\/\/kbrconseil.com\/index.php\/nos-profils-consultants\/","og_locale":"fr_FR","og_type":"article","og_title":"Nos profils consultants | KBR CONSIEL","og_description":"D\u00e9couvrez le profil de nos consultants business analystes, Project manager, d\u00e9veloppeurs et des profils \u00e0 double comp\u00e9tences.","og_url":"https:\/\/kbrconseil.com\/index.php\/nos-profils-consultants\/","og_site_name":"KBR CONSEIL","article_modified_time":"2024-02-26T21:54:31+00:00","og_image":[{"url":"https:\/\/kbrconseil.com\/wp-content\/uploads\/2024\/02\/BA-570x570-1.jpg"}],"twitter_card":"summary_large_image","twitter_misc":{"Dur\u00e9e de lecture estim\u00e9e":"3 minutes"},"schema":{"@context":"https:\/\/schema.org","@graph":[{"@type":"WebPage","@id":"https:\/\/kbrconseil.com\/index.php\/nos-profils-consultants\/","url":"https:\/\/kbrconseil.com\/index.php\/nos-profils-consultants\/","name":"Nos profils consultants | KBR CONSIEL","isPartOf":{"@id":"https:\/\/kbrconseil.com\/#website"},"datePublished":"2024-02-24T19:52:10+00:00","dateModified":"2024-02-26T21:54:31+00:00","description":"D\u00e9couvrez le profil de nos consultants business analystes, Project manager, d\u00e9veloppeurs et des profils \u00e0 double comp\u00e9tences.","breadcrumb":{"@id":"https:\/\/kbrconseil.com\/index.php\/nos-profils-consultants\/#breadcrumb"},"inLanguage":"fr-FR","potentialAction":[{"@type":"ReadAction","target":["https:\/\/kbrconseil.com\/index.php\/nos-profils-consultants\/"]}]},{"@type":"BreadcrumbList","@id":"https:\/\/kbrconseil.com\/index.php\/nos-profils-consultants\/#breadcrumb","itemListElement":[{"@type":"ListItem","position":1,"name":"Accueil","item":"https:\/\/kbrconseil.com\/"},{"@type":"ListItem","position":2,"name":"nos profils consultants"}]},{"@type":"WebSite","@id":"https:\/\/kbrconseil.com\/#website","url":"https:\/\/kbrconseil.com\/","name":"KBR CONSEIL","description":"Le Conseil Autrement","publisher":{"@id":"https:\/\/kbrconseil.com\/#organization"},"potentialAction":[{"@type":"SearchAction","target":{"@type":"EntryPoint","urlTemplate":"https:\/\/kbrconseil.com\/?s={search_term_string}"},"query-input":"required name=search_term_string"}],"inLanguage":"fr-FR"},{"@type":"Organization","@id":"https:\/\/kbrconseil.com\/#organization","name":"KBR CONSEIL","url":"https:\/\/kbrconseil.com\/","logo":{"@type":"ImageObject","inLanguage":"fr-FR","@id":"https:\/\/kbrconseil.com\/#\/schema\/logo\/image\/","url":"https:\/\/kbrconseil.com\/wp-content\/uploads\/2023\/10\/Fichier-2@2x.png","contentUrl":"https:\/\/kbrconseil.com\/wp-content\/uploads\/2023\/10\/Fichier-2@2x.png","width":518,"height":530,"caption":"KBR CONSEIL"},"image":{"@id":"https:\/\/kbrconseil.com\/#\/schema\/logo\/image\/"}}]}},"_links":{"self":[{"href":"https:\/\/kbrconseil.com\/index.php\/wp-json\/wp\/v2\/pages\/870","targetHints":{"allow":["GET"]}}],"collection":[{"href":"https:\/\/kbrconseil.com\/index.php\/wp-json\/wp\/v2\/pages"}],"about":[{"href":"https:\/\/kbrconseil.com\/index.php\/wp-json\/wp\/v2\/types\/page"}],"author":[{"embeddable":true,"href":"https:\/\/kbrconseil.com\/index.php\/wp-json\/wp\/v2\/users\/1"}],"replies":[{"embeddable":true,"href":"https:\/\/kbrconseil.com\/index.php\/wp-json\/wp\/v2\/comments?post=870"}],"version-history":[{"count":32,"href":"https:\/\/kbrconseil.com\/index.php\/wp-json\/wp\/v2\/pages\/870\/revisions"}],"predecessor-version":[{"id":999,"href":"https:\/\/kbrconseil.com\/index.php\/wp-json\/wp\/v2\/pages\/870\/revisions\/999"}],"wp:attachment":[{"href":"https:\/\/kbrconseil.com\/index.php\/wp-json\/wp\/v2\/media?parent=870"}],"curies":[{"name":"wp","href":"https:\/\/api.w.org\/{rel}","templated":true}]}}